{"id":137,"date":"2016-02-08T14:02:50","date_gmt":"2016-02-08T13:02:50","guid":{"rendered":"http:\/\/scientific.dv.ancorathemes.com\/?page_id=137"},"modified":"2025-12-22T14:49:54","modified_gmt":"2025-12-22T13:49:54","slug":"startseite","status":"publish","type":"page","link":"https:\/\/www.mmpflegedienst.de\/","title":{"rendered":"Startseite"},"content":{"rendered":"<div class=\"wpb-content-wrapper\"><p>[vc_row css=&#8221;.vc_custom_1457706045103{margin-top: 5.2rem !important;}&#8221;][vc_column]<div id=\"sc_services_1206211531_wrap\" class=\"sc_services_wrap\"><div id=\"sc_services_1206211531\" class=\"sc_services sc_services_style_services-1 sc_services_type_icons \" style=\"width:100%;\" data-animation=\"animated bounceIn normal\"><h2 class=\"sc_services_title sc_item_title\">Unser Angebot vom M&M Pflegedienst reicht von der Grundpflege \u00fcber die Behandlungspflege bis zur hauswirtschaftlichen Versorgung.<\/h2><div class=\"sc_slider_swiper swiper-slider-container sc_slider_nopagination sc_slider_nocontrols sc_slider_height_auto\" data-interval=\"7699\" data-slides-per-view=\"3\" data-slides-min-width=\"250\"><div class=\"slides swiper-wrapper\"><div class=\"swiper-slide\" data-style=\"width:100%;\" style=\"width:100%;\"><div class=\"sc_services_item_wrap\">\t\t\t<div id=\"sc_services_1206211531_1\"\t\t\t\tclass=\"sc_services_item sc_services_item_1 odd first\"\n\t\t\t\t>\n\t\t\t\t<a href=\"https:\/\/www.mmpflegedienst.de\/?services=home-care\"><span class=\"sc_icon icon-icon1_1\"><\/span><\/a>\t\t\t\t<div class=\"sc_services_item_content\">\n\t\t\t\t\t<h4 class=\"sc_services_item_title\"><a href=\"https:\/\/www.mmpflegedienst.de\/?services=home-care\">Grundpflege durch unseren M&#038;M Pflegedienst:<\/a><\/h4>\n\t\t\t\t\t<div class=\"sc_services_item_description\">\n\t\t\t\t\t\t<p>[vc_row css=&#8221;.vc_custom_1457525272823{margin-bottom: 3rem !important;background-position: center !important;background-repeat: no-repeat...<\/p>\t\t\t\t\t<\/div>\n\t\t\t\t<\/div>\n\t\t\t<\/div>\n\t\t<\/div><\/div><div class=\"swiper-slide\" data-style=\"width:100%;\" style=\"width:100%;\"><div class=\"sc_services_item_wrap\">\t\t\t<div id=\"sc_services_1206211531_2\"\t\t\t\tclass=\"sc_services_item sc_services_item_2 even\"\n\t\t\t\t>\n\t\t\t\t<a href=\"https:\/\/www.mmpflegedienst.de\/?services=care-services\"><span class=\"sc_icon icon-icon3_1\"><\/span><\/a>\t\t\t\t<div class=\"sc_services_item_content\">\n\t\t\t\t\t<h4 class=\"sc_services_item_title\"><a href=\"https:\/\/www.mmpflegedienst.de\/?services=care-services\">Behandlungspflege durch unseren M&#038;M Pflegedienst:<\/a><\/h4>\n\t\t\t\t\t<div class=\"sc_services_item_description\">\n\t\t\t\t\t\t<p>[vc_row css=&#8221;.vc_custom_1457525272823{margin-bottom: 3rem !important;background-position: center !important;background-repeat: no-repeat...<\/p>\t\t\t\t\t<\/div>\n\t\t\t\t<\/div>\n\t\t\t<\/div>\n\t\t<\/div><\/div><div class=\"swiper-slide\" data-style=\"width:100%;\" style=\"width:100%;\"><div class=\"sc_services_item_wrap\">\t\t\t<div id=\"sc_services_1206211531_3\"\t\t\t\tclass=\"sc_services_item sc_services_item_3 odd\"\n\t\t\t\t>\n\t\t\t\t<a href=\"https:\/\/www.mmpflegedienst.de\/?services=medical-escort\"><span class=\"sc_icon icon-icon2_1\"><\/span><\/a>\t\t\t\t<div class=\"sc_services_item_content\">\n\t\t\t\t\t<h4 class=\"sc_services_item_title\"><a href=\"https:\/\/www.mmpflegedienst.de\/?services=medical-escort\">Hauswirtschaftliche Versorgung durch unseren M&#038;M Pflegedienst:<\/a><\/h4>\n\t\t\t\t\t<div class=\"sc_services_item_description\">\n\t\t\t\t\t\t<p>[vc_row css=&#8221;.vc_custom_1457525272823{margin-bottom: 3rem !important;background-position: center !important;background-repeat: no-repeat...<\/p>\t\t\t\t\t<\/div>\n\t\t\t\t<\/div>\n\t\t\t<\/div>\n\t\t<\/div><\/div><div class=\"swiper-slide\" data-style=\"width:100%;\" style=\"width:100%;\"><div class=\"sc_services_item_wrap\">\t\t\t<div id=\"sc_services_1206211531_4\"\t\t\t\tclass=\"sc_services_item sc_services_item_4 even\"\n\t\t\t\t>\n\t\t\t\t<a href=\"https:\/\/www.mmpflegedienst.de\/?services=caregiver-jobs\"><span class=\"sc_icon icon-heart-light\"><\/span><\/a>\t\t\t\t<div class=\"sc_services_item_content\">\n\t\t\t\t\t<h4 class=\"sc_services_item_title\"><a href=\"https:\/\/www.mmpflegedienst.de\/?services=caregiver-jobs\">Psychosoziale Betreuung durch M&#038;M Pflegedienst:<\/a><\/h4>\n\t\t\t\t\t<div class=\"sc_services_item_description\">\n\t\t\t\t\t\t<p>[vc_row css=&#8221;.vc_custom_1457525272823{margin-bottom: 3rem !important;background-position: center !important;background-repeat: no-repeat...<\/p>\t\t\t\t\t<\/div>\n\t\t\t\t<\/div>\n\t\t\t<\/div>\n\t\t<\/div><\/div><div class=\"swiper-slide\" data-style=\"width:100%;\" style=\"width:100%;\"><div class=\"sc_services_item_wrap\">\t\t\t<div id=\"sc_services_1206211531_5\"\t\t\t\tclass=\"sc_services_item sc_services_item_5 odd\"\n\t\t\t\t>\n\t\t\t\t<a href=\"https:\/\/www.mmpflegedienst.de\/?services=alzheimers-care\"><span class=\"sc_icon icon-truck-light\"><\/span><\/a>\t\t\t\t<div class=\"sc_services_item_content\">\n\t\t\t\t\t<h4 class=\"sc_services_item_title\"><a href=\"https:\/\/www.mmpflegedienst.de\/?services=alzheimers-care\">Zus\u00e4tzlich bieten wir Ihnen folgende Leistungen:<\/a><\/h4>\n\t\t\t\t\t<div class=\"sc_services_item_description\">\n\t\t\t\t\t\t<p>[vc_row][vc_column width=&#8221;1\/4&#8243;][vc_widget_sidebar sidebar_id=&#8221;sidebar_custom_0&#8243;][\/vc_column][vc_column...<\/p>\t\t\t\t\t<\/div>\n\t\t\t\t<\/div>\n\t\t\t<\/div>\n\t\t<\/div><\/div><div class=\"swiper-slide\" data-style=\"width:100%;\" style=\"width:100%;\"><div class=\"sc_services_item_wrap\">\t\t\t<div id=\"sc_services_1206211531_6\"\t\t\t\tclass=\"sc_services_item sc_services_item_6 even\"\n\t\t\t\t>\n\t\t\t\t<a href=\"https:\/\/www.mmpflegedienst.de\/?services=in-home-senior-care\"><span class=\"sc_icon icon-icon4_1\"><\/span><\/a>\t\t\t\t<div class=\"sc_services_item_content\">\n\t\t\t\t\t<h4 class=\"sc_services_item_title\"><a href=\"https:\/\/www.mmpflegedienst.de\/?services=in-home-senior-care\">Selbstverst\u00e4ndlich arbeiten wir vom M&#038;M Pflegedienst mit allen wichtigen Stellen, Einrichtungen und Fachleuten zusammen:<\/a><\/h4>\n\t\t\t\t\t<div class=\"sc_services_item_description\">\n\t\t\t\t\t\t<p>[vc_row][vc_column width=&#8221;1\/4&#8243;][vc_widget_sidebar sidebar_id=&#8221;sidebar_custom_0&#8243;][\/vc_column][vc_column...<\/p>\t\t\t\t\t<\/div>\n\t\t\t\t<\/div>\n\t\t\t<\/div>\n\t\t<\/div><\/div><\/div><div class=\"sc_slider_controls_wrap\"><a class=\"sc_slider_prev\" href=\"#\"><\/a><a class=\"sc_slider_next\" href=\"#\"><\/a><\/div><div class=\"sc_slider_pagination_wrap\"><\/div><\/div><\/div><!-- \/.sc_services --><\/div><!-- \/.sc_services_wrap -->[\/vc_column][\/vc_row][vc_row full_width=&#8221;stretch_row&#8221; css=&#8221;.vc_custom_1617625479811{margin-top: 4.9rem !important;padding-top: 9rem !important;padding-bottom: 8.5rem !important;background-image: url(http:\/\/mmpflegedienst.de\/wp-content\/uploads\/2021\/04\/hand-01-scaled.jpg?id=1979) !important;background-position: center !important;background-repeat: no-repeat !important;background-size: cover !important;}&#8221;][vc_column width=&#8221;5\/12&#8243;][\/vc_column][vc_column width=&#8221;7\/12&#8243;][\/vc_column][\/vc_row][vc_row full_width=&#8221;stretch_row&#8221; inverse=&#8221;&#8221; css=&#8221;.vc_custom_1617697581532{padding-top: 3.9rem !important;padding-bottom: 3.9rem !important;background-image: url(http:\/\/mmpflegedienst.de\/wp-content\/uploads\/2021\/04\/neww-01-scaled.jpg?id=2000) !important;background-position: center !important;background-repeat: no-repeat !important;background-size: cover !important;}&#8221;][vc_column][vc_empty_space]<div id=\"sc_call_to_action_1550783033\" class=\"sc_call_to_action sc_call_to_action_accented sc_call_to_action_inverse sc_call_to_action_style_2 sc_call_to_action_align_left\" data-animation=\"animated bounceInRight normal\" style=\"width:100%;\"><div class=\"columns_wrap\"><div class=\"sc_call_to_action_info column-3_4\"><h2 class=\"sc_call_to_action_title sc_item_title\">Wir stehen zu Ihrer Verf\u00fcgung<\/h2><div class=\"sc_call_to_action_descr sc_item_descr\">F\u00fcr zuverl\u00e4ssige und kompetente Pflege stehen wir Ihnen gerne zur Verf\u00fcgung.<br \/>\nWir stellen uns gerne, auch kurzfristig, Ihren Anfragen, f\u00fcr eine sorgf\u00e4ltige Pflege\u00fcbernahme und Betreuung.<\/div><\/div><div class=\"sc_call_to_action_buttons sc_item_buttons column-1_4\"><div class=\"sc_call_to_action_button sc_item_button\"><a href=\"http:\/\/mmpflegedienst.de\/?page_id=616\" class=\"sc_button sc_button_square sc_button_style_filled sc_button_size_small sc_popup_link\">Rufen Sie uns an!<\/a><\/div><\/div><\/div><\/div>[\/vc_column][\/vc_row][vc_row full_width=&#8221;stretch_row&#8221; css=&#8221;.vc_custom_1629282729552{margin-top: 5.3rem !important;padding-top: 6.6rem !important;padding-bottom: 7.1rem !important;background-image: url(http:\/\/mmpflegedienst.de\/wp-content\/uploads\/2021\/08\/za-sajt-01-01-scaled.jpg?id=2154) !important;background-position: center !important;background-repeat: no-repeat !important;background-size: cover !important;}&#8221;][vc_column width=&#8221;1\/2&#8243;][\/vc_column][vc_column width=&#8221;1\/2&#8243;][\/vc_column][\/vc_row][vc_row full_width=&#8221;stretch_row&#8221; inverse=&#8221;&#8221; css=&#8221;.vc_custom_1457706199995{padding-top: 7.1rem !important;padding-bottom: 7.3rem !important;}&#8221;][vc_column]<div id=\"sc_testimonials_86436539\" class=\"sc_testimonials sc_testimonials_style_testimonials-1 \" style=\"width:100%;\"><h2 class=\"sc_testimonials_title sc_item_title\">Zufriedene Nutzer unserer Dienste<\/h2><div class=\"sc_slider_swiper swiper-slider-container sc_slider_nopagination sc_slider_controls sc_slider_controls_side sc_slider_height_auto\" data-interval=\"9587\" data-slides-min-width=\"250\"><div class=\"slides swiper-wrapper\"><div class=\"swiper-slide\" data-style=\"width:100%;\" style=\"width:100%;\">\t\t\t<div id=\"sc_testimonials_86436539_1\" class=\"sc_testimonial_item\">\n\t\t\t\t<div class=\"sc_testimonial_content\"><p>Ich habe den Pflegedienst seit beinahe 3 Monaten dreimal w\u00f6chentlich zur Wundversorgung bei mir zu Hause und bin sehr zufrieden. Alle Pflegekr\u00e4fte sind stets freundlich, aufgeschlossen und sehr hilfsbereit. Die Termineinhaltung funktioniert stets tadellos, auch Termin\u00e4nderungen bei Arztbesuchen stellen keinerlei Problem dar. Die medizinische Versorgung ist ebenfalls einwandfrei.<\/p>\n<\/div>\n\t\t\t\t\t\t\t\t<div class=\"sc_testimonial_avatar\"><img loading=\"lazy\" decoding=\"async\" class=\"wp-post-image\" width=\"75\" height=\"75\" alt=\"von Ronald Dorr\" src=\"https:\/\/www.mmpflegedienst.de\/wp-content\/uploads\/2016\/03\/126371442-cartoon-old-people-avatars-symbols-senior-people-icons-happy-pensioner-faces-caucasian-men-and-women-01-1-75x75.jpg\"><\/div>\n\t\t\t\t\t\t\t\t\t\t\t<\/div>\n\t\t<\/div><div class=\"swiper-slide\" data-style=\"width:100%;\" style=\"width:100%;\">\t\t\t<div id=\"sc_testimonials_86436539_2\" class=\"sc_testimonial_item\">\n\t\t\t\t<div class=\"sc_testimonial_content\"><p>\u00dcbernehmen sehr viel B\u00fcrokratie, die am Anfang wirklich komplex sein kann, beraten professionell, k\u00fcmmern sich sehr detailliert, sind extrem gut organisiert (falls jemand ausf\u00e4llt, merkt man als Kunde nichts, weil intern schnell Ersatzpfleger(in organisieren, d.h. als Kunde merke ich nichts von Problemen), bieten vielseitege Services, Personal extrem nett, sehr zuvorkommend und zu 90% sehr kompetent, einige kompetent, aber alle bem\u00fcht, wissend und erfahren genug. Alle bem\u00fchen sich immer SEHR. Sollte es mal irgend eine Kleinigkeit mal nicht funktionieren, wird man sofort angerufen und vorab dar\u00fcber informiert - mit zugleich Info welche L\u00f6sung anbieten. Bisher sind wir extrem zufrieden. Sie sind gr\u00fcndlich, sehr p\u00fcnktlich (Stau kann mal vorkommen, dennoch Uhrzeiten sehr eingehalten) und deren interner Informationsflu\u00df funktioniert beeindruckend gut! Sagt man einer Pflegekraft beim Besuch etwas Organisatorisches, kann man sich drauf verlassen, dass es unverz\u00fcglich die Zentrale wei\u00df und der n\u00e4chste Pfleger der kommt bereits Bescheid wei\u00df und mit L\u00f6sung kommt.<\/p>\n<\/div>\n\t\t\t\t\t\t\t\t<div class=\"sc_testimonial_avatar\"><img loading=\"lazy\" decoding=\"async\" class=\"wp-post-image\" width=\"75\" height=\"75\" alt=\"von Anonym\" src=\"https:\/\/www.mmpflegedienst.de\/wp-content\/uploads\/2016\/03\/ggg-01-75x75.jpg\"><\/div>\n\t\t\t\t\t\t\t\t\t\t\t<\/div>\n\t\t<\/div><div class=\"swiper-slide\" data-style=\"width:100%;\" style=\"width:100%;\">\t\t\t<div id=\"sc_testimonials_86436539_3\" class=\"sc_testimonial_item\">\n\t\t\t\t<div class=\"sc_testimonial_content\"><p>Professionell, bisher sind wir sehr beeindruckt. Beeindruckt sind wir auch von dem Bem\u00fchen der Pflegekr\u00e4fte, Sie nehmen sich immer noch genug Zeit hier und da einen Tipp zu geben oder Gesundheitshinweise and Angeh\u00f6rige. D.h. der Pflegedienst teilt f\u00fcrsorglich und kompetent fachliche Kenntnisse und Erfahrungen, mit sichtlichem Interessen und ehrlichem Bem\u00fchen zu helfen!! Kein hektisches Aufgabe erledigen und wegrennen. Immer hat man Gef\u00fchl sie sind schnell, aber gr\u00fcndlich und unhektisch, beruhigend, beratend und immer mit Frage, ob sonst noch irgend ein Wunsch besteht, bevor sie wieder gehen. Freundlichkeit und liebevolle F\u00fcrsorge ist bisher spitzenm\u00e4\u00dfig - und wir haben schon viele Verschiedene Kr\u00e4fte aus deren Team im Haus gehabt. Alle sind auf ihre individuelle Art sympathisch und kompetent.<\/p>\n<\/div>\n\t\t\t\t\t\t\t\t<div class=\"sc_testimonial_avatar\"><img loading=\"lazy\" decoding=\"async\" class=\"wp-post-image\" width=\"75\" height=\"75\" alt=\"von Anonym\" src=\"https:\/\/www.mmpflegedienst.de\/wp-content\/uploads\/2016\/03\/mmm-01-75x75.jpg\"><\/div>\n\t\t\t\t\t\t\t\t\t\t\t<\/div>\n\t\t<\/div><\/div><div class=\"sc_slider_controls_wrap\"><a class=\"sc_slider_prev\" href=\"#\"><\/a><a class=\"sc_slider_next\" href=\"#\"><\/a><\/div><div class=\"sc_slider_pagination_wrap\"><\/div><\/div><\/div>[\/vc_column][\/vc_row][vc_row full_width=&#8221;stretch_row_content&#8221;][vc_column][vc_raw_html css=&#8221;&#8221;]JTVCd3Bjb2RlJTIwaWQlM0QlMjIyNzA3JTIyJTVE[\/vc_raw_html][\/vc_column][\/vc_row]<\/p>\n<div class=\"gsp_post_data\" data-post_type=\"page\" data-cat=\"\" data-modified=\"120\" data-title=\"Startseite\" data-home=\"https:\/\/www.mmpflegedienst.de\"><\/div><\/div>","protected":false},"excerpt":{"rendered":"<p>[vc_row css=&#8221;.vc_custom_1457706045103{margin-top: 5.2rem !important;}&#8221;][vc_column][\/vc_column][\/vc_row][vc_row full_width=&#8221;stretch_row&#8221; css=&#8221;.vc_custom_1617625479811{margin-top: 4.9rem !important;padding-top: 9rem !important;padding-bottom: 8.5rem !important;background-image: url(http:\/\/mmpflegedienst.de\/wp-content\/uploads\/2021\/04\/hand-01-scaled.jpg?id=1979) !important;background-position: center !important;background-repeat: no-repeat !important;background-size: cover !important;}&#8221;][vc_column width=&#8221;5\/12&#8243;][\/vc_column][vc_column width=&#8221;7\/12&#8243;][\/vc_column][\/vc_row][vc_row full_width=&#8221;stretch_row&#8221; inverse=&#8221;&#8221; css=&#8221;.vc_custom_1617697581532{padding-top: 3.9rem !important;padding-bottom: 3.9rem !important;background-image: url(http:\/\/mmpflegedienst.de\/wp-content\/uploads\/2021\/04\/neww-01-scaled.jpg?id=2000) !important;background-position: center !important;background-repeat: no-repeat !important;background-size: cover !important;}&#8221;][vc_column][vc_empty_space][\/vc_column][\/vc_row][vc_row full_width=&#8221;stretch_row&#8221; css=&#8221;.vc_custom_1629282729552{margin-top: 5.3rem !important;padding-top: 6.6rem !important;padding-bottom: 7.1rem !important;background-image: url(http:\/\/mmpflegedienst.de\/wp-content\/uploads\/2021\/08\/za-sajt-01-01-scaled.jpg?id=2154) !important;background-position: center !important;background-repeat: no-repeat !important;background-size: cover !important;}&#8221;][vc_column width=&#8221;1\/2&#8243;][\/vc_column][vc_column width=&#8221;1\/2&#8243;][\/vc_column][\/vc_row][vc_row [&hellip;]<\/p>\n","protected":false},"author":1,"featured_media":0,"parent":0,"menu_order":0,"comment_status":"closed","ping_status":"closed","template":"","meta":{"footnotes":""},"class_list":["post-137","page","type-page","status-publish","hentry"],"_links":{"self":[{"href":"https:\/\/www.mmpflegedienst.de\/index.php?rest_route=\/wp\/v2\/pages\/137","targetHints":{"allow":["GET"]}}],"collection":[{"href":"https:\/\/www.mmpflegedienst.de\/index.php?rest_route=\/wp\/v2\/pages"}],"about":[{"href":"https:\/\/www.mmpflegedienst.de\/index.php?rest_route=\/wp\/v2\/types\/page"}],"author":[{"embeddable":true,"href":"https:\/\/www.mmpflegedienst.de\/index.php?rest_route=\/wp\/v2\/users\/1"}],"replies":[{"embeddable":true,"href":"https:\/\/www.mmpflegedienst.de\/index.php?rest_route=%2Fwp%2Fv2%2Fcomments&post=137"}],"version-history":[{"count":113,"href":"https:\/\/www.mmpflegedienst.de\/index.php?rest_route=\/wp\/v2\/pages\/137\/revisions"}],"predecessor-version":[{"id":2709,"href":"https:\/\/www.mmpflegedienst.de\/index.php?rest_route=\/wp\/v2\/pages\/137\/revisions\/2709"}],"wp:attachment":[{"href":"https:\/\/www.mmpflegedienst.de\/index.php?rest_route=%2Fwp%2Fv2%2Fmedia&parent=137"}],"curies":[{"name":"wp","href":"https:\/\/api.w.org\/{rel}","templated":true}]}}