{"id":1417,"date":"2018-12-05T13:28:31","date_gmt":"2018-12-05T13:28:31","guid":{"rendered":"http:\/\/mm.eastcode.biz\/?page_id=1417"},"modified":"2021-11-10T22:44:09","modified_gmt":"2021-11-10T21:44:09","slug":"privacy-policy","status":"publish","type":"page","link":"https:\/\/www.mmpflegedienst.de\/?page_id=1417","title":{"rendered":"Wir suchen"},"content":{"rendered":"<div class=\"wpb-content-wrapper\"><p>[vc_row][vc_column][vc_row_inner][vc_column_inner width=&#8221;1\/2&#8243;][vc_column_text css_animation=&#8221;fadeInLeft&#8221;]<\/p>\n<h3>Wer wir sind:<\/h3>\n<p>[\/vc_column_text][vc_column_text css_animation=&#8221;fadeInLeft&#8221;]<strong>Wir sind ein ambulanter Pflegedienst mit Sitz in M\u00fcnchen und St\u00fctzpunkt im Landkreis Dachau. Ein stetig wachsendes Unternehmen mit einem jungen, professionellen Team sucht stets motivierte Mitarbeiter. <\/strong><\/p>\n<p><strong>\u00dcber Ihre Bewerbung freuen wir uns, unabh\u00e4ngig von kultureller und sozialer Herkunft, geschlechtlicher Identit\u00e4t und sexueller Orientierung, Alter, Behinderung, Weltanschauung und Religion.<\/strong>[\/vc_column_text][\/vc_column_inner][vc_column_inner width=&#8221;1\/2&#8243;][vc_column_text css_animation=&#8221;fadeInLeft&#8221;]<\/p>\n<h3 style=\"text-align: left;\">Wir suchen:<\/h3>\n<p>&nbsp;<\/p>\n<ul>\n<li style=\"text-align: left;\"><strong>Pflegefachkr\u00e4fte Ambulanter Pflegedienst w\/d\/m<\/strong><\/li>\n<li style=\"text-align: left;\"><strong>Pflegehilfskr\u00e4fte Ambulanter Pflegedienst w\/d\/m<\/strong><\/li>\n<li style=\"text-align: left;\"><strong>Betreuungskr\u00e4fte w\/d\/m<\/strong><\/li>\n<li style=\"text-align: left;\"><strong>Haushaltshilfen w\/d\/m<\/strong><\/li>\n<\/ul>\n<p>[\/vc_column_text][\/vc_column_inner][\/vc_row_inner][vc_empty_space height=&#8221;50px&#8221;][vc_tta_accordion style=&#8221;modern&#8221; color=&#8221;peacoc&#8221; spacing=&#8221;4&#8243; gap=&#8221;2&#8243; c_icon=&#8221;chevron&#8221; active_section=&#8221;1&#8243; css_animation=&#8221;fadeIn&#8221; no_fill=&#8221;true&#8221;][vc_tta_section title=&#8221;Wo Sie arbeiten k\u00f6nnen:&#8221; tab_id=&#8221;1617609189740-e3236f33-b29d&#8221;][vc_column_text css_animation=&#8221;fadeInLeft&#8221;]<\/p>\n<ul>\n<li>M\u00fcnchen<\/li>\n<li>Landkreis Dachau<\/li>\n<\/ul>\n<p>[\/vc_column_text][\/vc_tta_section][vc_tta_section title=&#8221;Wann Sie starten k\u00f6nnen:&#8221; tab_id=&#8221;1617609240373-fdc43eea-7090&#8243;][vc_column_text css_animation=&#8221;fadeInLeft&#8221;]Sofort.[\/vc_column_text][\/vc_tta_section][vc_tta_section title=&#8221;Wie Sie arbeiten k\u00f6nnen:&#8221; tab_id=&#8221;1617609249506-11093c9f-0ff3&#8243;][vc_column_text css_animation=&#8221;fadeInLeft&#8221;]Vollzeit oder Teilzeit, unbefristet.[\/vc_column_text][\/vc_tta_section][\/vc_tta_accordion][vc_empty_space height=&#8221;50px&#8221;][\/vc_column][\/vc_row][vc_row full_width=&#8221;stretch_row&#8221; css=&#8221;.vc_custom_1629283173412{background-image: url(http:\/\/mmpflegedienst.de\/wp-content\/uploads\/2021\/08\/za-sajt-01yy-01-scaled.jpg?id=2158) !important;background-position: center !important;background-repeat: no-repeat !important;background-size: cover !important;}&#8221;][vc_column width=&#8221;1\/2&#8243;][\/vc_column][vc_column width=&#8221;1\/2&#8243;][vc_empty_space][vc_column_text css_animation=&#8221;fadeIn&#8221;]<\/p>\n<div class=\"QmZWSe\">\n<div class=\"DHcWmd\">\n<div id=\"tw-target\">\n<div id=\"kAz1tf\" class=\"g9WsWb\">\n<div id=\"tw-target-text-container\" class=\"tw-ta-container hide-focus-ring tw-nfl\" tabindex=\"0\">\n<h2 id=\"tw-target-text\" class=\"tw-data-text tw-text-large XcVN5d tw-ta\" dir=\"ltr\" data-placeholder=\"Prijevod\"><span lang=\"de\">Senden Sie eine Bewerbung:<\/span><\/h2>\n<h6 id=\"tw-target-text\" class=\"tw-data-text tw-text-large XcVN5d tw-ta\" dir=\"ltr\" data-placeholder=\"Prijevod\"><span lang=\"de\">Werden Sie Teil unseres Teams!<\/span><\/h6>\n<\/div>\n<\/div>\n<\/div>\n<\/div>\n<\/div>\n<p>[\/vc_column_text][vc_empty_space]\n<div class=\"wpcf7 no-js\" id=\"wpcf7-f1416-o1\" lang=\"en-US\" dir=\"ltr\" data-wpcf7-id=\"1416\">\n<div class=\"screen-reader-response\"><p role=\"status\" aria-live=\"polite\" aria-atomic=\"true\"><\/p> <ul><\/ul><\/div>\n<form action=\"\/index.php?rest_route=%2Fwp%2Fv2%2Fpages%2F1417#wpcf7-f1416-o1\" method=\"post\" class=\"wpcf7-form init\" aria-label=\"Contact form\" novalidate=\"novalidate\" data-status=\"init\">\n<fieldset class=\"hidden-fields-container\"><input type=\"hidden\" name=\"_wpcf7\" value=\"1416\" \/><input type=\"hidden\" name=\"_wpcf7_version\" value=\"6.1.2\" \/><input type=\"hidden\" name=\"_wpcf7_locale\" value=\"en_US\" \/><input type=\"hidden\" name=\"_wpcf7_unit_tag\" value=\"wpcf7-f1416-o1\" \/><input type=\"hidden\" name=\"_wpcf7_container_post\" value=\"0\" \/><input type=\"hidden\" name=\"_wpcf7_posted_data_hash\" value=\"\" \/>\n<\/fieldset>\n<div class=\"flex\">\n\t<div class='itm row' >\n\t\t<p><span class=\"wpcf7-form-control-wrap\" data-name=\"your-name\"><input size=\"40\" maxlength=\"400\" class=\"wpcf7-form-control wpcf7-text wpcf7-validates-as-required\" aria-required=\"true\" aria-invalid=\"false\" placeholder=\"Name*\" value=\"\" type=\"text\" name=\"your-name\" \/><\/span>\n\t\t<\/p>\n\t<\/div>\n\t<div class='itm row'>\n\t\t<p><span class=\"wpcf7-form-control-wrap\" data-name=\"your-email\"><input size=\"40\" maxlength=\"400\" class=\"wpcf7-form-control wpcf7-email wpcf7-validates-as-required wpcf7-text wpcf7-validates-as-email\" aria-required=\"true\" aria-invalid=\"false\" placeholder=\"E-mail*\" value=\"\" type=\"email\" name=\"your-email\" \/><\/span>\n\t\t<\/p>\n\t<\/div>\n<\/div>\n<p><span class=\"wpcf7-form-control-wrap\" data-name=\"your-message\"><textarea cols=\"40\" rows=\"10\" maxlength=\"2000\" class=\"wpcf7-form-control wpcf7-textarea wpcf7-validates-as-required\" aria-required=\"true\" aria-invalid=\"false\" placeholder=\"Botschaft*\" name=\"your-message\"><\/textarea><\/span><br \/>\n<span class=\"wpcf7-form-control-wrap\" data-name=\"acceptance-157\"><span class=\"wpcf7-form-control wpcf7-acceptance\"><span class=\"wpcf7-list-item\"><label><input type=\"checkbox\" name=\"acceptance-157\" value=\"1\" aria-invalid=\"false\" \/><span class=\"wpcf7-list-item-label\">Ich bin damit einverstanden, dass meine \u00fcbermittelten Daten gesammelt und gespeichert werden.<\/span><\/label><\/span><\/span><\/span>\n<\/p>\n<div class=\"bt\">\n\t<p><input class=\"wpcf7-form-control wpcf7-submit has-spinner\" type=\"submit\" value=\"NACHRICHT SENDEN\" \/>\n\t<\/p>\n<\/div><div class=\"wpcf7-response-output\" aria-hidden=\"true\"><\/div>\n<\/form>\n<\/div>\n[vc_empty_space][vc_empty_space][vc_empty_space][\/vc_column][\/vc_row][vc_row][vc_column][vc_empty_space height=&#8221;100px&#8221;][\/vc_column][\/vc_row][vc_row][vc_column width=&#8221;1\/2&#8243;][vc_column_text css_animation=&#8221;fadeInRight&#8221;]<\/p>\n<h3>Was wir brauchen:<\/h3>\n<p>&nbsp;<\/p>\n<ul>\n<li><strong>Gesundheits- und Krankenpflege*in oder Altenpflege*in<\/strong><\/li>\n<li><strong>Ausbildung zum*r Pflegefachhelfer*in Abgeschlossene einj\u00e4hrige<\/strong><\/li>\n<li><strong>Erfahrung in der ambulanten Pflege ist von Vorteil<\/strong><\/li>\n<li><strong>F\u00fchrerschein und k\u00f6rperliche Fitness sind erforderlich<\/strong><\/li>\n<li><strong>Deutschkenntnisse<\/strong><\/li>\n<li><strong>Einf\u00fchlungsverm\u00f6gen, Teambewusstsein und Kommunikationsst\u00e4rke<\/strong><\/li>\n<li><strong>Interesse an Weiterbildung und -entwicklung<\/strong><\/li>\n<\/ul>\n<p>[\/vc_column_text][\/vc_column][vc_column width=&#8221;1\/2&#8243;][vc_column_text css_animation=&#8221;fadeInRight&#8221;]<\/p>\n<h3>Was Ihre Aufgaben sind:<\/h3>\n<p>&nbsp;<\/p>\n<ul>\n<li><strong>Durchf\u00fchren der Pflege und Betreuung unserer Kunden*innen<\/strong><\/li>\n<li><strong>Informationsaustausch innerhalb des Pflegeteams und leitenden Personen<\/strong><\/li>\n<li><strong>Dokumentation der Pflege<\/strong><\/li>\n<li><strong>Beraten, unterst\u00fctzen und anleiten unserer Kunden*innen<\/strong><\/li>\n<\/ul>\n<p>[\/vc_column_text][\/vc_column][\/vc_row]<\/p>\n<div class=\"gsp_post_data\" data-post_type=\"page\" data-cat=\"\" data-modified=\"120\" data-title=\"Wir suchen\" data-home=\"https:\/\/www.mmpflegedienst.de\"><\/div><\/div>","protected":false},"excerpt":{"rendered":"<p>[vc_row][vc_column][vc_row_inner][vc_column_inner width=&#8221;1\/2&#8243;][vc_column_text css_animation=&#8221;fadeInLeft&#8221;] Wer wir sind: [\/vc_column_text][vc_column_text css_animation=&#8221;fadeInLeft&#8221;]Wir sind ein ambulanter Pflegedienst mit Sitz in M\u00fcnchen und St\u00fctzpunkt im Landkreis Dachau. Ein stetig wachsendes Unternehmen mit einem jungen, professionellen Team sucht stets motivierte Mitarbeiter. \u00dcber Ihre Bewerbung freuen wir uns, unabh\u00e4ngig von kultureller und sozialer Herkunft, geschlechtlicher Identit\u00e4t und sexueller Orientierung, Alter, Behinderung, Weltanschauung und [&hellip;]<\/p>\n","protected":false},"author":1,"featured_media":0,"parent":0,"menu_order":0,"comment_status":"closed","ping_status":"closed","template":"","meta":{"footnotes":""},"class_list":["post-1417","page","type-page","status-publish","hentry"],"_links":{"self":[{"href":"https:\/\/www.mmpflegedienst.de\/index.php?rest_route=\/wp\/v2\/pages\/1417","targetHints":{"allow":["GET"]}}],"collection":[{"href":"https:\/\/www.mmpflegedienst.de\/index.php?rest_route=\/wp\/v2\/pages"}],"about":[{"href":"https:\/\/www.mmpflegedienst.de\/index.php?rest_route=\/wp\/v2\/types\/page"}],"author":[{"embeddable":true,"href":"https:\/\/www.mmpflegedienst.de\/index.php?rest_route=\/wp\/v2\/users\/1"}],"replies":[{"embeddable":true,"href":"https:\/\/www.mmpflegedienst.de\/index.php?rest_route=%2Fwp%2Fv2%2Fcomments&post=1417"}],"version-history":[{"count":70,"href":"https:\/\/www.mmpflegedienst.de\/index.php?rest_route=\/wp\/v2\/pages\/1417\/revisions"}],"predecessor-version":[{"id":2294,"href":"https:\/\/www.mmpflegedienst.de\/index.php?rest_route=\/wp\/v2\/pages\/1417\/revisions\/2294"}],"wp:attachment":[{"href":"https:\/\/www.mmpflegedienst.de\/index.php?rest_route=%2Fwp%2Fv2%2Fmedia&parent=1417"}],"curies":[{"name":"wp","href":"https:\/\/api.w.org\/{rel}","templated":true}]}}