{"id":2118,"date":"2021-08-13T09:55:11","date_gmt":"2021-08-13T09:55:11","guid":{"rendered":"http:\/\/mm.eastcode.biz\/?page_id=2118"},"modified":"2021-08-20T11:10:48","modified_gmt":"2021-08-20T09:10:48","slug":"fragen-und-antworten","status":"publish","type":"page","link":"https:\/\/www.mmpflegedienst.de\/?page_id=2118","title":{"rendered":"Fragen und Antworten"},"content":{"rendered":"<div class=\"wpb-content-wrapper\"><p>[vc_row css_animation=&#8221;fadeIn&#8221;][vc_column][vc_column_text]<\/p>\n<h2>Fragen zu M&amp;M Ambulanter Alten \u2013 und Krankenpflegedienst GmbH<\/h2>\n<p>&nbsp;[\/vc_column_text][vc_column_text]M&amp;M Ambulanter Alten \u2013 und Krankenpflegedienst GmbH steht seit zwei Jahrzehnten f\u00fcr h\u00f6chste Qualit\u00e4t, Flexibilit\u00e4t und Zuverl\u00e4ssigkeit in der h\u00e4uslichen Pflege. Unser Leitmotiv ist es Patienten, Mitarbeiter und Angeh\u00f6rige unter einem Dach zu vereinen, umso eine famili\u00e4re und individuelle Versorgung im eigenen zu Hause zu gestalten. Als Familienunternehmen legen wir gro\u00dfen Wert auf eine pers\u00f6nliche und vertrauensvolle Kommunikation und Pflege. Wir versuchen so unseren Patienten und deren Angeh\u00f6rigen das Gef\u00fchl von Geborgenheit und Sicherheit zu vermitteln, um ein selbstbestimmtes und aktives Leben zuhause f\u00fchren zu k\u00f6nnen.[\/vc_column_text][vc_tta_accordion style=&#8221;modern&#8221; color=&#8221;peacoc&#8221; spacing=&#8221;4&#8243; gap=&#8221;2&#8243; c_icon=&#8221;chevron&#8221; active_section=&#8221;1&#8243; css_animation=&#8221;fadeIn&#8221; no_fill=&#8221;true&#8221;][vc_tta_section title=&#8221;Welche Vorteile biete der ambulante M&#038;M Ambulanter Alten \u2013 und Krankenpflegedienst GmbH?&#8221; tab_id=&#8221;1628849976297-eb6c8eb6-cbe8&#8243;][vc_column_text]M&amp;M Ambulanter Alten \u2013 und Krankenpflegedienst GmbH stellt den Patienten an erste Stelle und respektiert die individuellen Bed\u00fcrfnisse und Gewohnheiten und m\u00f6chte so die Selbstst\u00e4ndigkeit f\u00f6rdern, um den Alltag flexibel und individuell nach Leistungsbedarf zu gestalten. Durch unsere 20-j\u00e4hrige Erfahrung und pers\u00f6nliche Beratung erhalten Sie eine perfekt auf Ihre Bed\u00fcrfnisse zu geschnittene Betreuung und Pflege, so dass Sie ein angenehmes und selbstst\u00e4ndiges Leben in Ihrem h\u00e4uslichen Umfeld f\u00fchren k\u00f6nnen.[\/vc_column_text][\/vc_tta_section][vc_tta_section title=&#8221;Wie ist die Pflege organisiert?&#8221; tab_id=&#8221;1628849976298-7818639b-9368&#8243;][vc_column_text]In der ambulanten Pflege sehen wir uns als Gast beim Patienten zuhause und organisieren daher die Pflegeeins\u00e4tze basierend auf den W\u00fcnschen unserer Klienten. Unser Augenmerk liegt in der bezugspersonenbezogenen Pflege und Betreuung. Durch unsere\u00a0Pfleger und Krankenschwestern\u00a0als Bezugspersonen entsteht ein Gef\u00fchl von Geborgenheit und Sicherheit, wodurch wir eine vertraute Pflege in der h\u00e4uslichen Umgebung schaffen.<\/p>\n<p>Je nach Wunsch und Bedarf richten wir Dienste einmal die Woche bis hin zu mehrmals t\u00e4glich ein, um die Pflege an den pers\u00f6nlichen Bed\u00fcrfnissen und Gewohnheiten auszurichten.[\/vc_column_text][\/vc_tta_section][vc_tta_section title=&#8221;Wie oft kommt der Pflegedienst nach Hause?&#8221; tab_id=&#8221;1628850036542-bdaf5585-1b13&#8243;][vc_column_text]Das k\u00f6nnen Sie frei entscheiden. Wir bieten unsere ambulanten Dienste von 6:00 Uhr morgens bis 24:00 Uhr abends an und haben einen 24h Notruf Bereitschaftsdienst f\u00fcr Sie, so dass Sie oder Ihre Angeh\u00f6rigen jederzeit und nach den individuellen Bed\u00fcrfnissen versorgt werden k\u00f6nnen.[\/vc_column_text][\/vc_tta_section][vc_tta_section title=&#8221;Sollte man Pflegebed\u00fcrftige nicht lieber ins Altersheim geben?&#8221; tab_id=&#8221;1628856128906-aeace503-4d30&#8243;][vc_column_text]Nein, solang der Patient sich zu Hause wohlf\u00fchlt.<\/p>\n<p>Wir k\u00f6nnen jeden Pflegebed\u00fcrftigen in seiner h\u00e4uslichen Umgebung versorgen. Durch unsere Flexibilit\u00e4t und der M\u00f6glichkeit mehrere Dienste pro Tag anzubieten, k\u00f6nnen wir jeden Patienten ambulant zu Hause versorgen und ein aktives und selbstbestimmtes Leben in der gewohnten Umgebung erm\u00f6glichen. Viele unserer Patienten wollen nicht von zu Hause weg und k\u00f6nnen dank uns als\u00a0ambulantem Pflegedienst\u00a0in Ihrer eigenen Wohnung leben bleiben. Wir stellen auch in schwierigen Pflegesituationen durch unsere zwanzig j\u00e4hrige Erfahrung und examinierten Krankenschwestern und Pfleger die Betreuung sicher.[\/vc_column_text][\/vc_tta_section][\/vc_tta_accordion][vc_empty_space][vc_empty_space][\/vc_column][\/vc_row][vc_row css_animation=&#8221;fadeIn&#8221; inverse=&#8221;&#8221;][vc_column][vc_column_text]<\/p>\n<h2>Fragen zur Finanzierung eines Pflegedienstes<\/h2>\n<p>&nbsp;[\/vc_column_text][vc_column_text]Wir unterst\u00fctzen Sie bei allen Fragen rund um das Thema Finanzierung der Pflege zuhause. Bei der Aufnahme erstellen wir f\u00fcr Sie einen transparenten Kostenplan \u00fcber alle gew\u00fcnschten und ben\u00f6tigten Leistungen in der ambulanten Pflege f\u00fcr den Patienten. Der vereinbarte Leistungskatalog kann jederzeit angepasst werden, um die Pflege immer auf die Bed\u00fcrfnisse des Pflegebed\u00fcrftigen abzustimmen. Wir k\u00fcmmern uns um alle ben\u00f6tigten Verordnungen zur Behandlungspflege und die medizinischen Hilfsmittel, um eine angenehme und umfassende Pflege im h\u00e4uslichen Umfeld sicherzustellen.<\/p>\n<p>M&amp;M Ambulanter Alten \u2013 und Krankenpflegedienst GmbH besitzt seit 20 Jahren die Kassenzulassung und hat so die M\u00f6glichkeit alle vereinbarten und erbrachten Leistungen direkt mit der jeweiligen Krankenkasse oder Pflegekasse abzurechen.[\/vc_column_text][vc_tta_accordion style=&#8221;modern&#8221; color=&#8221;peacoc&#8221; spacing=&#8221;4&#8243; gap=&#8221;2&#8243; c_icon=&#8221;chevron&#8221; active_section=&#8221;1&#8243; css_animation=&#8221;fadeIn&#8221; no_fill=&#8221;true&#8221;][vc_tta_section title=&#8221;Wie wird Behandlungspflege mit dem Pflegedienst abgerechnet?&#8221; tab_id=&#8221;1628852297338-7a54fe75-784a&#8221;][vc_column_text]Die\u00a0<a href=\"http:\/\/mmpflegedienst.de\/?page_id=611\">Behandlungspflege umfasst alle Leistungen<\/a>\u00a0zur medizinischen Versorgung des Pflegebed\u00fcrftigen. Wenn ein Patient medizinische Versorgung ben\u00f6tigt, wie Medikamentengabe, Blutzuckermessung, Insulin oder eine Wunderversorgung, wird eine Verordnung beim Hausarzt des Patienten angefordert und durch die Krankenkasse des Pflegebed\u00fcrftigen genehmigt, um die medizinische Versorgung im h\u00e4uslichen Umfeld sicherzustellen. Danach werden die erbrachten Leistungen vom ambulanten Pflegedienst direkt mit der jeweiligen Krankenkasse abgerechnet.[\/vc_column_text][\/vc_tta_section][vc_tta_section title=&#8221;Wie rechnet M&#038;M Ambulanter Alten \u2013 und Krankenpflegedienst GmbH die Grundpflege ab?&#8221; tab_id=&#8221;1628852297338-b74e3fdc-cdab&#8221;][vc_column_text]Bei der\u00a0Grundpflege\u00a0zur Unterst\u00fctzung des Patienten zu Hause, um ein selbstst\u00e4ndiges und aktives Leben im gewohnten Umfeld zu erm\u00f6glichen. Der Pflegebed\u00fcrftige oder die Angeh\u00f6rigen vereinbaren je nach individuellen Bedarf Leistungen, wie K\u00f6rperpflege, Ankleiden oder hauswirtschaftliche Versorgung und schlie\u00dfen einen Pflegevertrag mit Pflege zu Hause. Der Vertrag kann jederzeit angepasst werden, um auf die Bed\u00fcrfnisse des Patienten abgestimmt zu sein. Je nach Pflegegrad des Patienten k\u00f6nnen die erbrachten\u00a0Pflegesachleistungen\u00a0direkt mit der Pflegekasse abgerechnet werden.eo.[\/vc_column_text][\/vc_tta_section][vc_tta_section title=&#8221;Welche Leistungen werden in der ambulanten Pflege privat bezahlt?&#8221; tab_id=&#8221;1628852297339-e615cdc7-4438&#8243;][vc_column_text]Wenn Leistungen nicht durch die Krankenkasse oder Pflegekasse abgedeckt sind oder mehr Leistung in Anspruch genommen werden wollen als von der jeweiligen Kasse bezahlt wird, ist es m\u00f6glich diese zus\u00e4tzlichen Leistungen monatlich privat zu buchen. Hierunter fallen zum Beispiel Betreuungen, um mit dem Patienten spazieren zu gehen oder einfach ein bisschen zus\u00e4tzliche Zeit zu Hause zu verbringen. Pflege zu Hause stellt Ihnen hierf\u00fcr eine transparente und monatliche Abrechnung zu den erbrachten Leistungen.[\/vc_column_text][\/vc_tta_section][\/vc_tta_accordion][vc_empty_space][vc_empty_space][\/vc_column][\/vc_row][vc_row css_animation=&#8221;fadeIn&#8221;][vc_column][vc_column_text]<\/p>\n<h2>Fragen zum Thema Pflegegrad<\/h2>\n<p>&nbsp;[\/vc_column_text][vc_column_text]Bis zum 01.01.2017 wurde der Pflegebedarf anhand von Pflegestufen definiert. Mit der Einf\u00fchrung der neuen f\u00fcnf Pflegegrade durch das zweite Pflegest\u00e4rkungsgesetz wurden psychische Beeintr\u00e4chtigung besonders Demenzerkrankungen im Alter der gleiche Stellenwert f\u00fcr Pflegeleistung einger\u00e4umt wie der physischen Beeintr\u00e4chtigung.<\/p>\n<p>Der\u00a0Pflegegrad\u00a0orientiert sich an der Beeintr\u00e4chtigung des allt\u00e4glichen Lebens der betroffenen Person und ist in f\u00fcnf Pflegegrade aufgeteilt. Um den Pflegegrad zu bestimmen wird anhand des NBA Begutachtungsverfahren die sechs Bereiche (1) Mobilit\u00e4t, (2) kognitive und kommunikative F\u00e4higkeiten, (3) Verhaltensweisen und psychische Problemlagen, (4) Selbstversorgung, (5) Umgang mit krankheits- und therapiebedingten Anforderungen und Belastungen sowie der (6) Gestaltung des Alltagslebens und sozialer Kontakte gepr\u00fcft. Je nach Einschr\u00e4nkung werden Punkte vergeben und gewichtet. Aus der Gesamtpunktzahl wird der Pflegegrad abgeleitet.[\/vc_column_text][vc_tta_accordion style=&#8221;modern&#8221; color=&#8221;peacoc&#8221; spacing=&#8221;4&#8243; gap=&#8221;2&#8243; c_icon=&#8221;chevron&#8221; active_section=&#8221;1&#8243; css_animation=&#8221;fadeIn&#8221; no_fill=&#8221;true&#8221;][vc_tta_section title=&#8221;Wie beantragt man einen Pflegegrad?&#8221; tab_id=&#8221;1628856275170-8e465732-e7e8&#8243;][vc_column_text]Um einen Pflegegrade zu erhalten, muss ein Antrag auf Pflegebegutachtung bei der zust\u00e4ndigen Pflegekasse eingereicht werden. Nach Einreichung des Antrags wird ein Gutachter des Medizinischen Dienstes der Krankenkassen (MDK) bei gesetzlich Versicherten oder ein Gutachter von MEDICPROOF bei privat Versicherten zur Evaluierung zu Ihnen nach Hause kommen. Die Begutachtung erfolgt bei beiden nach dem neuen NBA-Begutachtungsverfahren. Die Pr\u00fcfer spricht eine Empfehlung aus, allerdings sind die Pflegekassen alleinig verantwortlich f\u00fcr die letztendliche Vergabe des Pflegegrades. Im Regelfall muss die Pflegekasse innerhalb von 25 Arbeitstagen nach Antragsstellung einen Bescheid zur Anerkennung oder Ablehnung des Pflegegrades zu schicken.[\/vc_column_text][\/vc_tta_section][vc_tta_section title=&#8221;Wie bereitet man sich auf die Pflegebegutachtung vor?&#8221; tab_id=&#8221;1628856275171-dce1a65f-4aac&#8221;][vc_column_text]Zur Vorbereitung f\u00fcr die Begutachtung empfehlen wir den Arztbrief und\/oder das Entlassungsschreiben aus dem Krankenhaus, sowie eine Auflistung aller ben\u00f6tigten Medikamente und der medizinischen Hilfsmittel f\u00fcr die Pr\u00fcfung vorzubereiten. Falls es \u00e4rztliche Diagnosen, Berichte zu therapeutischen Ma\u00dfnahmen und\/oder eine Dokumentation eines Pflegedienstes gibt, sollten diese ebenfalls bereitgehalten werden.<\/p>\n<p>Zur Pr\u00fcfung sollten die pflegenden Angeh\u00f6rigen und der Pflegedienst Vorort in der h\u00e4uslichen Umgebung sein, um Erfahrungen \u00fcber die Pflege und Hindernisse des Patienten zu erl\u00e4utern. Die betroffene Person und Angeh\u00f6rigen sollten sich, \u00fcber die realistische Situation im Klaren sein, so dass nicht aus falschem Stolz die Selbstst\u00e4ndigkeit des Patienten besser darstellt wird als diese im normalen Alltag ist.[\/vc_column_text][\/vc_tta_section][vc_tta_section title=&#8221;Was passiert bei der Pflegebegutachtung?&#8221; tab_id=&#8221;1628856275172-bb4c2ac5-d489&#8243;][vc_column_text]Der Gutachter verschafft sich durch das Gespr\u00e4ch mit dem Pflegebed\u00fcrftigen, den Angeh\u00f6rigen und dem Pflegedienst, sowie der Evaluation aller medizinischen und pflegerischen Informationen einen \u00dcberblick zur Selbstst\u00e4ndigkeit des Patienten. Anhand des NBA Begutachtungsverfahrens wird der Fragekatalog abgearbeitet und der Pr\u00fcfer gibt die Evaluation an die jeweilige Pflegekasse mit einer Empfehlung zur Einstufung weiter. Der Gutachter gibt keine Angabe zum Pflegegrad, da dieser ausschlie\u00dflich von der jeweiligen Versicherung festgelegt wird. Die gesamte Pr\u00fcfung dauert ca. eine Stunde.[\/vc_column_text][\/vc_tta_section][vc_tta_section title=&#8221;Wann und wo findet die Begutachtung zum Pflegegrad statt?&#8221; tab_id=&#8221;1628856470239-377cd701-f80f&#8221;][vc_column_text]Nachdem der Antrag auf Pflegebegutachtung bei der zust\u00e4ndigen Pflegekasse gestellt wurde, vereinbart ein Gutachter des Medizinischen Dienstes der Krankenversicherung (MDK) oder von MEDICPROOF (bei privat Versicherten) einen Termin f\u00fcr die pers\u00f6nliche Pflegegrad Feststellung. Die Begutachtung findet in der h\u00e4uslichen Umgebung des Patienten statt, um ein realistisches Bild der Situation aufzeigen zu k\u00f6nnen.[\/vc_column_text][\/vc_tta_section][vc_tta_section title=&#8221;Was macht man, wenn es bereits einen Pflegegrad gibt, sich aber der Zustand verschlechtert hat?&#8221; tab_id=&#8221;1628856473333-aebb4a74-4b6e&#8221;][vc_column_text]Sollte sicher der Zustand des Pflegebed\u00fcrftigen verschlechtern, kann ein Antrag auf H\u00f6herstufung gestellt werden. Daraufhin wird der gleiche Prozess zur H\u00f6herstufung durchlaufen wie bei der ersten Feststellung des Pflegegrades.[\/vc_column_text][\/vc_tta_section][\/vc_tta_accordion][\/vc_column][\/vc_row]<\/p>\n<div class=\"gsp_post_data\" data-post_type=\"page\" data-cat=\"\" data-modified=\"120\" data-title=\"Fragen und Antworten\" data-home=\"https:\/\/www.mmpflegedienst.de\"><\/div><\/div>","protected":false},"excerpt":{"rendered":"<p>[vc_row css_animation=&#8221;fadeIn&#8221;][vc_column][vc_column_text] Fragen zu M&amp;M Ambulanter Alten \u2013 und Krankenpflegedienst GmbH &nbsp;[\/vc_column_text][vc_column_text]M&amp;M Ambulanter Alten \u2013 und Krankenpflegedienst GmbH steht seit zwei Jahrzehnten f\u00fcr h\u00f6chste Qualit\u00e4t, Flexibilit\u00e4t und Zuverl\u00e4ssigkeit in der h\u00e4uslichen Pflege. Unser Leitmotiv ist es Patienten, Mitarbeiter und Angeh\u00f6rige unter einem Dach zu vereinen, umso eine famili\u00e4re und individuelle Versorgung im eigenen zu Hause [&hellip;]<\/p>\n","protected":false},"author":1,"featured_media":0,"parent":0,"menu_order":0,"comment_status":"closed","ping_status":"closed","template":"","meta":{"footnotes":""},"class_list":["post-2118","page","type-page","status-publish","hentry"],"_links":{"self":[{"href":"https:\/\/www.mmpflegedienst.de\/index.php?rest_route=\/wp\/v2\/pages\/2118","targetHints":{"allow":["GET"]}}],"collection":[{"href":"https:\/\/www.mmpflegedienst.de\/index.php?rest_route=\/wp\/v2\/pages"}],"about":[{"href":"https:\/\/www.mmpflegedienst.de\/index.php?rest_route=\/wp\/v2\/types\/page"}],"author":[{"embeddable":true,"href":"https:\/\/www.mmpflegedienst.de\/index.php?rest_route=\/wp\/v2\/users\/1"}],"replies":[{"embeddable":true,"href":"https:\/\/www.mmpflegedienst.de\/index.php?rest_route=%2Fwp%2Fv2%2Fcomments&post=2118"}],"version-history":[{"count":21,"href":"https:\/\/www.mmpflegedienst.de\/index.php?rest_route=\/wp\/v2\/pages\/2118\/revisions"}],"predecessor-version":[{"id":2178,"href":"https:\/\/www.mmpflegedienst.de\/index.php?rest_route=\/wp\/v2\/pages\/2118\/revisions\/2178"}],"wp:attachment":[{"href":"https:\/\/www.mmpflegedienst.de\/index.php?rest_route=%2Fwp%2Fv2%2Fmedia&parent=2118"}],"curies":[{"name":"wp","href":"https:\/\/api.w.org\/{rel}","templated":true}]}}