{"id":613,"date":"2016-02-29T11:00:06","date_gmt":"2016-02-29T11:00:06","guid":{"rendered":"http:\/\/mm.eastcode.biz\/?page_id=613"},"modified":"2021-09-29T11:29:14","modified_gmt":"2021-09-29T09:29:14","slug":"about-us","status":"publish","type":"page","link":"https:\/\/www.mmpflegedienst.de\/?page_id=613","title":{"rendered":"\u00dcber uns"},"content":{"rendered":"<div class=\"wpb-content-wrapper\"><p>[vc_row css=&#8221;.vc_custom_1457366347189{margin-top: 6.9rem !important;}&#8221;][vc_column]<div class=\"sc_dropcaps sc_dropcaps_style_3\"><span class=\"sc_dropcaps_item\">G<\/span><\/p>\n<p><strong>anzheitliche Pflege sehen wir als Einheit von K\u00f6rper, Geist und Seele.<\/strong><\/p>\n<p>Wir ber\u00fccksichtigen die Herkunft, Gewohnheiten und F\u00e4higkeiten um die Gesundheit und Selbst\u00e4ndigkeit zu wahren und zu f\u00f6rdern. Am Pflegeprozess sind unsere Fachkr\u00e4fte, \u00c4rzte, Logop\u00e4den, Physiotherapeuten usw. , sowie die Angeh\u00f6rigen unserer Patienten und Kunden beteiligt. Gemeinsam erkennen wir die F\u00e4higkeiten des Einzelnen und f\u00f6rdern diese.<br \/>\nGemeinsam mit unseren Kooperationspartnern verrichten wir die Pflege qualifiziert, zuverl\u00e4ssig und geplant.<\/div>[vc_row_inner][vc_column_inner width=&#8221;1\/3&#8243;][vc_column_text css_animation=&#8221;bottom-to-top&#8221;]<\/p>\n<blockquote>\n<h6><strong>Stunden Bereitschaft<\/strong><\/h6>\n<p>&nbsp;<\/p>\n<h6>Wir sind 24h an jedem Tag der Woche f\u00fcr Sie unter der Telefonnummer 089 \/ 642 493 08 erreichbar<\/h6>\n<h6><\/h6>\n<\/blockquote>\n<p>[\/vc_column_text][\/vc_column_inner][vc_column_inner width=&#8221;1\/3&#8243;][vc_column_text css_animation=&#8221;top-to-bottom&#8221;]<\/p>\n<blockquote>\n<h6><strong>Mitarbeiter<\/strong><\/h6>\n<p>&nbsp;<\/p>\n<h6>Unser Pflegeteam umfasst hochqualifizierte Mitarbeiter aus der Kranken- und Altenpflege.<\/h6>\n<\/blockquote>\n<p>[\/vc_column_text][\/vc_column_inner][vc_column_inner width=&#8221;1\/3&#8243;][vc_column_text css_animation=&#8221;bottom-to-top&#8221;]<\/p>\n<blockquote>\n<h6><strong>Klienten in M\u00fcnchen<\/strong><\/h6>\n<p>&nbsp;<\/p>\n<h6>Wir betreuen derzeit zahlreiche Klienten in M\u00fcnchen und Landkreis Dachau.<\/h6>\n<\/blockquote>\n<p>[\/vc_column_text][\/vc_column_inner][\/vc_row_inner][\/vc_column][\/vc_row][vc_row full_width=&#8221;stretch_row&#8221; css=&#8221;.vc_custom_1617625425712{margin-top: 4.9rem !important;padding-top: 9rem !important;padding-bottom: 8.5rem !important;background-image: url(http:\/\/mmpflegedienst.de\/wp-content\/uploads\/2021\/04\/hand-01-scaled.jpg?id=1979) !important;background-position: center !important;background-repeat: no-repeat !important;background-size: cover !important;}&#8221;][vc_column width=&#8221;5\/12&#8243;][\/vc_column][vc_column width=&#8221;7\/12&#8243;][\/vc_column][\/vc_row][vc_row full_width=&#8221;stretch_row&#8221; inverse=&#8221;&#8221; css=&#8221;.vc_custom_1457368568098{padding-top: 6.5rem !important;padding-bottom: 7.3rem !important;}&#8221;][vc_column][vc_row_inner][vc_column_inner width=&#8221;1\/3&#8243;][vc_column_text css_animation=&#8221;fadeInDown&#8221;]<\/p>\n<blockquote>\n<p style=\"text-align: center;\"><img loading=\"lazy\" decoding=\"async\" class=\"aligncenter wp-image-1846\" src=\"http:\/\/mmpflegedienst.de\/wp-content\/uploads\/2021\/04\/4-01-150x150.png\" alt=\"\" width=\"120\" height=\"121\" srcset=\"https:\/\/www.mmpflegedienst.de\/wp-content\/uploads\/2021\/04\/4-01-150x150.png 150w, https:\/\/www.mmpflegedienst.de\/wp-content\/uploads\/2021\/04\/4-01-298x300.png 298w, https:\/\/www.mmpflegedienst.de\/wp-content\/uploads\/2021\/04\/4-01-24x24.png 24w, https:\/\/www.mmpflegedienst.de\/wp-content\/uploads\/2021\/04\/4-01-36x36.png 36w, https:\/\/www.mmpflegedienst.de\/wp-content\/uploads\/2021\/04\/4-01-48x48.png 48w, https:\/\/www.mmpflegedienst.de\/wp-content\/uploads\/2021\/04\/4-01.png 629w\" sizes=\"auto, (max-width: 120px) 100vw, 120px\" \/><\/p>\n<p style=\"text-align: center;\"><strong>Firmengr\u00fcndung<\/strong><\/p>\n<\/blockquote>\n<p>[\/vc_column_text][vc_column_text css_animation=&#8221;fadeInUp&#8221;]<\/p>\n<blockquote>\n<p><img loading=\"lazy\" decoding=\"async\" class=\"aligncenter wp-image-1848\" src=\"http:\/\/mmpflegedienst.de\/wp-content\/uploads\/2021\/04\/6-01-150x150.png\" alt=\"\" width=\"120\" height=\"120\" srcset=\"https:\/\/www.mmpflegedienst.de\/wp-content\/uploads\/2021\/04\/6-01-150x150.png 150w, https:\/\/www.mmpflegedienst.de\/wp-content\/uploads\/2021\/04\/6-01-300x300.png 300w, https:\/\/www.mmpflegedienst.de\/wp-content\/uploads\/2021\/04\/6-01-24x24.png 24w, https:\/\/www.mmpflegedienst.de\/wp-content\/uploads\/2021\/04\/6-01-36x36.png 36w, https:\/\/www.mmpflegedienst.de\/wp-content\/uploads\/2021\/04\/6-01-48x48.png 48w, https:\/\/www.mmpflegedienst.de\/wp-content\/uploads\/2021\/04\/6-01.png 628w\" sizes=\"auto, (max-width: 120px) 100vw, 120px\" \/><\/p>\n<p style=\"text-align: center;\"><strong>Einzugsgebiet<\/strong><\/p>\n<\/blockquote>\n<p>[\/vc_column_text][\/vc_column_inner][vc_column_inner width=&#8221;1\/3&#8243;][vc_column_text css_animation=&#8221;fadeInDown&#8221;]<\/p>\n<blockquote>\n<p><strong><img loading=\"lazy\" decoding=\"async\" class=\"aligncenter wp-image-1843\" src=\"http:\/\/mmpflegedienst.de\/wp-content\/uploads\/2021\/04\/cc-01-150x150.png\" alt=\"\" width=\"120\" height=\"121\" srcset=\"https:\/\/www.mmpflegedienst.de\/wp-content\/uploads\/2021\/04\/cc-01-150x150.png 150w, https:\/\/www.mmpflegedienst.de\/wp-content\/uploads\/2021\/04\/cc-01-298x300.png 298w, https:\/\/www.mmpflegedienst.de\/wp-content\/uploads\/2021\/04\/cc-01-24x24.png 24w, https:\/\/www.mmpflegedienst.de\/wp-content\/uploads\/2021\/04\/cc-01-36x36.png 36w, https:\/\/www.mmpflegedienst.de\/wp-content\/uploads\/2021\/04\/cc-01-48x48.png 48w, https:\/\/www.mmpflegedienst.de\/wp-content\/uploads\/2021\/04\/cc-01.png 629w\" sizes=\"auto, (max-width: 120px) 100vw, 120px\" \/><\/strong><\/p>\n<p style=\"text-align: center;\"><strong>Erreichbarkeit<\/strong><\/p>\n<\/blockquote>\n<p>[\/vc_column_text][vc_column_text css_animation=&#8221;fadeInUp&#8221;]<\/p>\n<blockquote>\n<p><strong><img loading=\"lazy\" decoding=\"async\" class=\"aligncenter wp-image-1840\" src=\"http:\/\/mmpflegedienst.de\/wp-content\/uploads\/2021\/04\/29d0f68bbaff099922bssf0ebb5afe5555-elegant-business-icon-circle-pack-01-150x150.png\" alt=\"\" width=\"120\" height=\"121\" srcset=\"https:\/\/www.mmpflegedienst.de\/wp-content\/uploads\/2021\/04\/29d0f68bbaff099922bssf0ebb5afe5555-elegant-business-icon-circle-pack-01-150x150.png 150w, https:\/\/www.mmpflegedienst.de\/wp-content\/uploads\/2021\/04\/29d0f68bbaff099922bssf0ebb5afe5555-elegant-business-icon-circle-pack-01-298x300.png 298w, https:\/\/www.mmpflegedienst.de\/wp-content\/uploads\/2021\/04\/29d0f68bbaff099922bssf0ebb5afe5555-elegant-business-icon-circle-pack-01-24x24.png 24w, https:\/\/www.mmpflegedienst.de\/wp-content\/uploads\/2021\/04\/29d0f68bbaff099922bssf0ebb5afe5555-elegant-business-icon-circle-pack-01-36x36.png 36w, https:\/\/www.mmpflegedienst.de\/wp-content\/uploads\/2021\/04\/29d0f68bbaff099922bssf0ebb5afe5555-elegant-business-icon-circle-pack-01-48x48.png 48w, https:\/\/www.mmpflegedienst.de\/wp-content\/uploads\/2021\/04\/29d0f68bbaff099922bssf0ebb5afe5555-elegant-business-icon-circle-pack-01.png 627w\" sizes=\"auto, (max-width: 120px) 100vw, 120px\" \/><\/strong><\/p>\n<p style=\"text-align: center;\"><strong>Zielgruppe<\/strong><\/p>\n<\/blockquote>\n<p>[\/vc_column_text][vc_empty_space height=&#8221;100px&#8221;][\/vc_column_inner][vc_column_inner width=&#8221;1\/3&#8243;][vc_column_text css_animation=&#8221;fadeInDown&#8221;]<\/p>\n<blockquote>\n<p><strong><img loading=\"lazy\" decoding=\"async\" class=\"aligncenter wp-image-1839\" src=\"http:\/\/mmpflegedienst.de\/wp-content\/uploads\/2021\/04\/29d0f68bbaff099922bf0ebb5afe5555-elegant-business-icon-circle-pack-01-150x150.png\" alt=\"\" width=\"120\" height=\"122\" srcset=\"https:\/\/www.mmpflegedienst.de\/wp-content\/uploads\/2021\/04\/29d0f68bbaff099922bf0ebb5afe5555-elegant-business-icon-circle-pack-01-296x300.png 296w, https:\/\/www.mmpflegedienst.de\/wp-content\/uploads\/2021\/04\/29d0f68bbaff099922bf0ebb5afe5555-elegant-business-icon-circle-pack-01-24x24.png 24w, https:\/\/www.mmpflegedienst.de\/wp-content\/uploads\/2021\/04\/29d0f68bbaff099922bf0ebb5afe5555-elegant-business-icon-circle-pack-01-36x36.png 36w, https:\/\/www.mmpflegedienst.de\/wp-content\/uploads\/2021\/04\/29d0f68bbaff099922bf0ebb5afe5555-elegant-business-icon-circle-pack-01-48x48.png 48w, https:\/\/www.mmpflegedienst.de\/wp-content\/uploads\/2021\/04\/29d0f68bbaff099922bf0ebb5afe5555-elegant-business-icon-circle-pack-01.png 638w\" sizes=\"auto, (max-width: 120px) 100vw, 120px\" \/><\/strong><\/p>\n<p style=\"text-align: center;\"><strong>24 Stunden Rufbereitschaft<\/strong><\/p>\n<\/blockquote>\n<p>[\/vc_column_text][vc_column_text css_animation=&#8221;fadeInUp&#8221;]<\/p>\n<blockquote>\n<p><strong><img loading=\"lazy\" decoding=\"async\" class=\"aligncenter wp-image-1847\" src=\"http:\/\/mmpflegedienst.de\/wp-content\/uploads\/2021\/04\/5-01-150x150.png\" alt=\"\" width=\"120\" height=\"121\" srcset=\"https:\/\/www.mmpflegedienst.de\/wp-content\/uploads\/2021\/04\/5-01-150x150.png 150w, https:\/\/www.mmpflegedienst.de\/wp-content\/uploads\/2021\/04\/5-01-298x300.png 298w, https:\/\/www.mmpflegedienst.de\/wp-content\/uploads\/2021\/04\/5-01-24x24.png 24w, https:\/\/www.mmpflegedienst.de\/wp-content\/uploads\/2021\/04\/5-01-36x36.png 36w, https:\/\/www.mmpflegedienst.de\/wp-content\/uploads\/2021\/04\/5-01-48x48.png 48w, https:\/\/www.mmpflegedienst.de\/wp-content\/uploads\/2021\/04\/5-01.png 628w\" sizes=\"auto, (max-width: 120px) 100vw, 120px\" \/><\/strong><\/p>\n<p style=\"text-align: center;\"><strong>Erfahrung<\/strong><\/p>\n<\/blockquote>\n<p>[\/vc_column_text][\/vc_column_inner][\/vc_row_inner]<div id=\"sc_testimonials_711736755\" class=\"sc_testimonials sc_testimonials_style_testimonials-1  aligncenter\" style=\"width:100%;\"><h2 class=\"sc_testimonials_title sc_item_title\">Zufriedene Stimmen von Patienten<\/h2><div class=\"sc_slider_swiper swiper-slider-container sc_slider_nopagination sc_slider_controls sc_slider_controls_side sc_slider_height_auto\" data-interval=\"5404\" data-slides-min-width=\"250\"><div class=\"slides swiper-wrapper\"><div class=\"swiper-slide\" data-style=\"width:100%;\" style=\"width:100%;\">\t\t\t<div id=\"sc_testimonials_711736755_1\" class=\"sc_testimonial_item\">\n\t\t\t\t<div class=\"sc_testimonial_content\"><p>Ich habe den Pflegedienst seit beinahe 3 Monaten dreimal w\u00f6chentlich zur Wundversorgung bei mir zu Hause und bin sehr zufrieden. Alle Pflegekr\u00e4fte sind stets freundlich, aufgeschlossen und sehr hilfsbereit. Die Termineinhaltung funktioniert stets tadellos, auch Termin\u00e4nderungen bei Arztbesuchen stellen keinerlei Problem dar. Die medizinische Versorgung ist ebenfalls einwandfrei.<\/p>\n<\/div>\n\t\t\t\t\t\t\t\t<div class=\"sc_testimonial_avatar\"><img loading=\"lazy\" decoding=\"async\" class=\"wp-post-image\" width=\"75\" height=\"75\" alt=\"von Ronald Dorr\" src=\"https:\/\/www.mmpflegedienst.de\/wp-content\/uploads\/2016\/03\/126371442-cartoon-old-people-avatars-symbols-senior-people-icons-happy-pensioner-faces-caucasian-men-and-women-01-1-75x75.jpg\"><\/div>\n\t\t\t\t\t\t\t\t\t\t\t<\/div>\n\t\t<\/div><div class=\"swiper-slide\" data-style=\"width:100%;\" style=\"width:100%;\">\t\t\t<div id=\"sc_testimonials_711736755_2\" class=\"sc_testimonial_item\">\n\t\t\t\t<div class=\"sc_testimonial_content\"><p>\u00dcbernehmen sehr viel B\u00fcrokratie, die am Anfang wirklich komplex sein kann, beraten professionell, k\u00fcmmern sich sehr detailliert, sind extrem gut organisiert (falls jemand ausf\u00e4llt, merkt man als Kunde nichts, weil intern schnell Ersatzpfleger(in organisieren, d.h. als Kunde merke ich nichts von Problemen), bieten vielseitege Services, Personal extrem nett, sehr zuvorkommend und zu 90% sehr kompetent, einige kompetent, aber alle bem\u00fcht, wissend und erfahren genug. Alle bem\u00fchen sich immer SEHR. Sollte es mal irgend eine Kleinigkeit mal nicht funktionieren, wird man sofort angerufen und vorab dar\u00fcber informiert - mit zugleich Info welche L\u00f6sung anbieten. Bisher sind wir extrem zufrieden. Sie sind gr\u00fcndlich, sehr p\u00fcnktlich (Stau kann mal vorkommen, dennoch Uhrzeiten sehr eingehalten) und deren interner Informationsflu\u00df funktioniert beeindruckend gut! Sagt man einer Pflegekraft beim Besuch etwas Organisatorisches, kann man sich drauf verlassen, dass es unverz\u00fcglich die Zentrale wei\u00df und der n\u00e4chste Pfleger der kommt bereits Bescheid wei\u00df und mit L\u00f6sung kommt.<\/p>\n<\/div>\n\t\t\t\t\t\t\t\t<div class=\"sc_testimonial_avatar\"><img loading=\"lazy\" decoding=\"async\" class=\"wp-post-image\" width=\"75\" height=\"75\" alt=\"von Anonym\" src=\"https:\/\/www.mmpflegedienst.de\/wp-content\/uploads\/2016\/03\/ggg-01-75x75.jpg\"><\/div>\n\t\t\t\t\t\t\t\t\t\t\t<\/div>\n\t\t<\/div><div class=\"swiper-slide\" data-style=\"width:100%;\" style=\"width:100%;\">\t\t\t<div id=\"sc_testimonials_711736755_3\" class=\"sc_testimonial_item\">\n\t\t\t\t<div class=\"sc_testimonial_content\"><p>Professionell, bisher sind wir sehr beeindruckt. Beeindruckt sind wir auch von dem Bem\u00fchen der Pflegekr\u00e4fte, Sie nehmen sich immer noch genug Zeit hier und da einen Tipp zu geben oder Gesundheitshinweise and Angeh\u00f6rige. D.h. der Pflegedienst teilt f\u00fcrsorglich und kompetent fachliche Kenntnisse und Erfahrungen, mit sichtlichem Interessen und ehrlichem Bem\u00fchen zu helfen!! Kein hektisches Aufgabe erledigen und wegrennen. Immer hat man Gef\u00fchl sie sind schnell, aber gr\u00fcndlich und unhektisch, beruhigend, beratend und immer mit Frage, ob sonst noch irgend ein Wunsch besteht, bevor sie wieder gehen. Freundlichkeit und liebevolle F\u00fcrsorge ist bisher spitzenm\u00e4\u00dfig - und wir haben schon viele Verschiedene Kr\u00e4fte aus deren Team im Haus gehabt. Alle sind auf ihre individuelle Art sympathisch und kompetent.<\/p>\n<\/div>\n\t\t\t\t\t\t\t\t<div class=\"sc_testimonial_avatar\"><img loading=\"lazy\" decoding=\"async\" class=\"wp-post-image\" width=\"75\" height=\"75\" alt=\"von Anonym\" src=\"https:\/\/www.mmpflegedienst.de\/wp-content\/uploads\/2016\/03\/mmm-01-75x75.jpg\"><\/div>\n\t\t\t\t\t\t\t\t\t\t\t<\/div>\n\t\t<\/div><\/div><div class=\"sc_slider_controls_wrap\"><a class=\"sc_slider_prev\" href=\"#\"><\/a><a class=\"sc_slider_next\" href=\"#\"><\/a><\/div><div class=\"sc_slider_pagination_wrap\"><\/div><\/div><\/div>[\/vc_column][\/vc_row][vc_row full_width=&#8221;stretch_row_content_no_spaces&#8221;][vc_column]<div id=\"sc_googlemap_1753667588\" class=\"sc_googlemap\" style=\"width:100%;height:300px;\" data-zoom=\"14\" data-style=\"light\"><iframe src=\"https:\/\/maps.google.com\/maps?t=m&output=embed&iwloc=near&z=14&q=Tegernseer+Landstra%C3%9Fe+170a\" scrolling=\"no\" marginheight=\"0\" marginwidth=\"0\" frameborder=\"0\"\n                    aria-label=\"\"><\/iframe><\/div>[\/vc_column][\/vc_row]<\/p>\n<div class=\"gsp_post_data\" data-post_type=\"page\" data-cat=\"\" data-modified=\"120\" data-title=\"\u00dcber uns\" data-home=\"https:\/\/www.mmpflegedienst.de\"><\/div><\/div>","protected":false},"excerpt":{"rendered":"<p>[vc_row css=&#8221;.vc_custom_1457366347189{margin-top: 6.9rem !important;}&#8221;][vc_column][vc_row_inner][vc_column_inner width=&#8221;1\/3&#8243;][vc_column_text css_animation=&#8221;bottom-to-top&#8221;] Stunden Bereitschaft &nbsp; Wir sind 24h an jedem Tag der Woche f\u00fcr Sie unter der Telefonnummer 089 \/ 642 493 08 erreichbar [\/vc_column_text][\/vc_column_inner][vc_column_inner width=&#8221;1\/3&#8243;][vc_column_text css_animation=&#8221;top-to-bottom&#8221;] Mitarbeiter &nbsp; Unser Pflegeteam umfasst hochqualifizierte Mitarbeiter aus der Kranken- und Altenpflege. [\/vc_column_text][\/vc_column_inner][vc_column_inner width=&#8221;1\/3&#8243;][vc_column_text css_animation=&#8221;bottom-to-top&#8221;] Klienten in M\u00fcnchen &nbsp; Wir betreuen derzeit zahlreiche Klienten [&hellip;]<\/p>\n","protected":false},"author":1,"featured_media":0,"parent":0,"menu_order":0,"comment_status":"closed","ping_status":"closed","template":"","meta":{"footnotes":""},"class_list":["post-613","page","type-page","status-publish","hentry"],"_links":{"self":[{"href":"https:\/\/www.mmpflegedienst.de\/index.php?rest_route=\/wp\/v2\/pages\/613","targetHints":{"allow":["GET"]}}],"collection":[{"href":"https:\/\/www.mmpflegedienst.de\/index.php?rest_route=\/wp\/v2\/pages"}],"about":[{"href":"https:\/\/www.mmpflegedienst.de\/index.php?rest_route=\/wp\/v2\/types\/page"}],"author":[{"embeddable":true,"href":"https:\/\/www.mmpflegedienst.de\/index.php?rest_route=\/wp\/v2\/users\/1"}],"replies":[{"embeddable":true,"href":"https:\/\/www.mmpflegedienst.de\/index.php?rest_route=%2Fwp%2Fv2%2Fcomments&post=613"}],"version-history":[{"count":103,"href":"https:\/\/www.mmpflegedienst.de\/index.php?rest_route=\/wp\/v2\/pages\/613\/revisions"}],"predecessor-version":[{"id":2223,"href":"https:\/\/www.mmpflegedienst.de\/index.php?rest_route=\/wp\/v2\/pages\/613\/revisions\/2223"}],"wp:attachment":[{"href":"https:\/\/www.mmpflegedienst.de\/index.php?rest_route=%2Fwp%2Fv2%2Fmedia&parent=613"}],"curies":[{"name":"wp","href":"https:\/\/api.w.org\/{rel}","templated":true}]}}